{"id":8,"date":"2026-03-24T13:11:14","date_gmt":"2026-03-24T12:11:14","guid":{"rendered":"https:\/\/neoxena.pl\/?page_id=8"},"modified":"2026-03-24T18:12:25","modified_gmt":"2026-03-24T17:12:25","slug":"produkty","status":"publish","type":"page","link":"https:\/\/neoxena.pl\/?page_id=8","title":{"rendered":"Produkty"},"content":{"rendered":"\t\t<div data-elementor-type=\"wp-page\" data-elementor-id=\"8\" class=\"elementor elementor-8\" data-elementor-post-type=\"page\">\n\t\t\t\t<div class=\"elementor-element elementor-element-52e97bb e-con-full e-flex e-con e-parent\" data-id=\"52e97bb\" data-element_type=\"container\" data-e-type=\"container\">\n\t\t<div class=\"elementor-element elementor-element-a0b9c29 e-con-full e-flex e-con e-child\" data-id=\"a0b9c29\" data-element_type=\"container\" data-e-type=\"container\" data-settings=\"{&quot;background_background&quot;:&quot;classic&quot;,&quot;background_motion_fx_motion_fx_scrolling&quot;:&quot;yes&quot;,&quot;background_motion_fx_scale_effect&quot;:&quot;yes&quot;,&quot;background_motion_fx_scale_direction&quot;:&quot;out-in&quot;,&quot;background_motion_fx_scale_speed&quot;:{&quot;unit&quot;:&quot;px&quot;,&quot;size&quot;:4,&quot;sizes&quot;:[]},&quot;background_motion_fx_scale_range&quot;:{&quot;unit&quot;:&quot;%&quot;,&quot;size&quot;:&quot;&quot;,&quot;sizes&quot;:{&quot;start&quot;:20,&quot;end&quot;:80}},&quot;background_motion_fx_devices&quot;:[&quot;desktop&quot;,&quot;tablet&quot;,&quot;mobile&quot;]}\">\n\t\t\t\t<div class=\"elementor-element elementor-element-f849fef elementor-widget elementor-widget-heading\" data-id=\"f849fef\" data-element_type=\"widget\" data-e-type=\"widget\" data-widget_type=\"heading.default\">\n\t\t\t\t\t<h3 class=\"elementor-heading-title elementor-size-default\">\nZobacz nasze produkty<\/h3>\t\t\t\t<\/div>\n\t\t\t\t<div class=\"elementor-element elementor-element-0a6e349 elementor-widget elementor-widget-heading\" data-id=\"0a6e349\" data-element_type=\"widget\" data-e-type=\"widget\" data-widget_type=\"heading.default\">\n\t\t\t\t\t<h1 class=\"elementor-heading-title elementor-size-default\">Nowoczesne urz\u0105dzenia SMART HOME<\/h1>\t\t\t\t<\/div>\n\t\t\t\t<\/div>\n\t\t\t\t<\/div>\n\t\t<div class=\"elementor-element elementor-element-07d6a18 e-con-full e-flex e-con e-parent\" data-id=\"07d6a18\" data-element_type=\"container\" data-e-type=\"container\">\n\t\t<div class=\"elementor-element elementor-element-7556f6c e-con-full e-flex e-con e-child\" data-id=\"7556f6c\" data-element_type=\"container\" data-e-type=\"container\">\n\t\t<div class=\"elementor-element elementor-element-8df481b e-con-full e-flex e-con e-child\" data-id=\"8df481b\" data-element_type=\"container\" data-e-type=\"container\" data-settings=\"{&quot;background_background&quot;:&quot;classic&quot;}\">\n\t\t<div class=\"elementor-element elementor-element-11282e0 e-con-full e-flex e-con e-child\" data-id=\"11282e0\" data-element_type=\"container\" data-e-type=\"container\" data-settings=\"{&quot;background_background&quot;:&quot;classic&quot;}\">\n\t\t\t\t<div class=\"elementor-element elementor-element-3d3b87e elementor-widget elementor-widget-image\" data-id=\"3d3b87e\" data-element_type=\"widget\" data-e-type=\"widget\" data-widget_type=\"image.default\">\n\t\t\t\t\t\t\t\t\t\t\t\t\t\t\t<img fetchpriority=\"high\" decoding=\"async\" width=\"800\" height=\"533\" src=\"https:\/\/neoxena.pl\/wp-content\/uploads\/2025\/12\/kv07-small-1024x682.jpg\" class=\"attachment-large size-large wp-image-671\" alt=\"\" srcset=\"https:\/\/neoxena.pl\/wp-content\/uploads\/2025\/12\/kv07-small-1024x682.jpg 1024w, https:\/\/neoxena.pl\/wp-content\/uploads\/2025\/12\/kv07-small-300x200.jpg 300w, https:\/\/neoxena.pl\/wp-content\/uploads\/2025\/12\/kv07-small-768x512.jpg 768w, https:\/\/neoxena.pl\/wp-content\/uploads\/2025\/12\/kv07-small-1536x1024.jpg 1536w, https:\/\/neoxena.pl\/wp-content\/uploads\/2025\/12\/kv07-small.jpg 2000w\" sizes=\"(max-width: 800px) 100vw, 800px\" \/>\t\t\t\t\t\t\t\t\t\t\t\t\t\t\t<\/div>\n\t\t\t\t<\/div>\n\t\t<div class=\"elementor-element elementor-element-221c0ae e-con-full e-flex e-con e-child\" data-id=\"221c0ae\" data-element_type=\"container\" data-e-type=\"container\" data-settings=\"{&quot;background_background&quot;:&quot;classic&quot;}\">\n\t\t\t\t<div class=\"elementor-element elementor-element-c313091 elementor-widget elementor-widget-heading\" data-id=\"c313091\" data-element_type=\"widget\" data-e-type=\"widget\" data-widget_type=\"heading.default\">\n\t\t\t\t\t<h4 class=\"elementor-heading-title elementor-size-default\">SMART HOME od producenta, kt\u00f3remu mo\u017cna zaufa\u0107!<\/h4>\t\t\t\t<\/div>\n\t\t\t\t<div class=\"elementor-element elementor-element-b203e7e elementor-widget elementor-widget-heading\" data-id=\"b203e7e\" data-element_type=\"widget\" data-e-type=\"widget\" data-widget_type=\"heading.default\">\n\t\t\t\t\t<h2 class=\"elementor-heading-title elementor-size-default\">Steruj swoim domem i otoczeniem prosto z telefonu. <\/h2>\t\t\t\t<\/div>\n\t\t\t\t<div class=\"elementor-element elementor-element-f8ac65e elementor-widget elementor-widget-text-editor\" data-id=\"f8ac65e\" data-element_type=\"widget\" data-e-type=\"widget\" data-widget_type=\"text-editor.default\">\n\t\t\t\t\t\t\t\t\t<p class=\"isSelectedEnd\">Jedna aplikacja. Jedna logika. Pe\u0142na kontrola nad bram\u0105, roletami i przestrzeni\u0105 wok\u00f3\u0142 domu. Nowoczesna automatyka od DTM System, zaprojektowana jako sp\u00f3jny ekosystem urz\u0105dze\u0144, kt\u00f3ry ro\u015bnie razem z Twoimi potrzebami.<\/p>\t\t\t\t\t\t\t\t<\/div>\n\t\t\t\t<\/div>\n\t\t\t\t<\/div>\n\t\t\t\t<\/div>\n\t\t\t\t<\/div>\n\t\t<div class=\"elementor-element elementor-element-61776a7 e-con-full e-flex e-con e-parent\" data-id=\"61776a7\" data-element_type=\"container\" data-e-type=\"container\">\n\t\t<div class=\"elementor-element elementor-element-79067cf e-con-full e-flex e-con e-child\" data-id=\"79067cf\" data-element_type=\"container\" data-e-type=\"container\">\n\t\t\t\t<div class=\"elementor-element elementor-element-609ac57 elementor-widget elementor-widget-heading\" data-id=\"609ac57\" data-element_type=\"widget\" data-e-type=\"widget\" data-widget_type=\"heading.default\">\n\t\t\t\t\t<h2 class=\"elementor-heading-title elementor-size-default\">Zobacz nasze urz\u0105dzenia<\/h2>\t\t\t\t<\/div>\n\t\t\t\t<div class=\"elementor-element elementor-element-f40f1de elementor-view-default elementor-widget elementor-widget-icon\" data-id=\"f40f1de\" data-element_type=\"widget\" data-e-type=\"widget\" data-widget_type=\"icon.default\">\n\t\t\t\t\t\t\t<div class=\"elementor-icon-wrapper\">\n\t\t\t<div class=\"elementor-icon elementor-animation-hang\">\n\t\t\t<svg xmlns=\"http:\/\/www.w3.org\/2000\/svg\" xmlns:xlink=\"http:\/\/www.w3.org\/1999\/xlink\" id=\"Capa_1\" x=\"0px\" y=\"0px\" viewBox=\"0 0 512 512\" style=\"enable-background:new 0 0 512 512;\" xml:space=\"preserve\"><g>\t<g>\t\t<polygon points=\"447.894,263.57 275.989,435.474 275.989,0 236.011,0 236.011,435.474 64.106,263.57 35.838,291.838 256,512    476.162,291.838   \"><\/polygon>\t<\/g><\/g><g><\/g><g><\/g><g><\/g><g><\/g><g><\/g><g><\/g><g><\/g><g><\/g><g><\/g><g><\/g><g><\/g><g><\/g><g><\/g><g><\/g><g><\/g><\/svg>\t\t\t<\/div>\n\t\t<\/div>\n\t\t\t\t\t\t<\/div>\n\t\t\t\t<div class=\"elementor-element elementor-element-3beb466 elementor-grid-4 elementor-grid-tablet-2 elementor-grid-mobile-1 elementor-widget elementor-widget-portfolio\" data-id=\"3beb466\" data-element_type=\"widget\" data-e-type=\"widget\" data-settings=\"{&quot;item_ratio&quot;:{&quot;unit&quot;:&quot;px&quot;,&quot;size&quot;:1.2,&quot;sizes&quot;:[]},&quot;row_gap&quot;:{&quot;unit&quot;:&quot;px&quot;,&quot;size&quot;:15,&quot;sizes&quot;:[]},&quot;columns&quot;:&quot;4&quot;,&quot;columns_tablet&quot;:&quot;2&quot;,&quot;columns_mobile&quot;:&quot;1&quot;,&quot;item_gap&quot;:{&quot;unit&quot;:&quot;px&quot;,&quot;size&quot;:&quot;&quot;,&quot;sizes&quot;:[]}}\" data-widget_type=\"portfolio.default\">\n\t\t\t\t<div class=\"elementor-widget-container\">\n\t\t\t\t\t\t\t<div class=\"elementor-portfolio elementor-grid elementor-posts-container\" role=\"list\">\n\t\t\t\t<article class=\"elementor-portfolio-item elementor-post  post-1 post type-post status-publish format-standard has-post-thumbnail hentry category-bez-kategorii\" role=\"listitem\">\n\t\t\t<a class=\"elementor-post__thumbnail__link\" href=\"https:\/\/neoxena.pl\/?p=1\">\n\t\t\t\t<div class=\"elementor-portfolio-item__img elementor-post__thumbnail\">\n\t\t\t<img decoding=\"async\" width=\"1140\" height=\"1140\" src=\"https:\/\/neoxena.pl\/wp-content\/uploads\/2025\/11\/n-gate-copy-1.jpg\" class=\"attachment-full size-full wp-image-547\" alt=\"\" srcset=\"https:\/\/neoxena.pl\/wp-content\/uploads\/2025\/11\/n-gate-copy-1.jpg 1140w, https:\/\/neoxena.pl\/wp-content\/uploads\/2025\/11\/n-gate-copy-1-300x300.jpg 300w, https:\/\/neoxena.pl\/wp-content\/uploads\/2025\/11\/n-gate-copy-1-1024x1024.jpg 1024w, https:\/\/neoxena.pl\/wp-content\/uploads\/2025\/11\/n-gate-copy-1-150x150.jpg 150w, https:\/\/neoxena.pl\/wp-content\/uploads\/2025\/11\/n-gate-copy-1-768x768.jpg 768w\" sizes=\"(max-width: 1140px) 100vw, 1140px\" \/>\t\t<\/div>\n\t\t\t\t<div class=\"elementor-portfolio-item__overlay\">\n\t\t\t\t<h3 class=\"elementor-portfolio-item__title\">\n\t\tN-Gate\t\t<\/h3>\n\t\t\t\t<\/div>\n\t\t\t\t<\/a>\n\t\t<\/article>\n\t\t\t\t<\/div>\n\t\t\t\t\t\t<\/div>\n\t\t\t\t<\/div>\n\t\t\t\t<\/div>\n\t\t\t\t<\/div>\n\t\t\t\t<\/div>\n\t\t","protected":false},"excerpt":{"rendered":"<p>Zobacz nasze produkty Nowoczesne urz\u0105dzenia SMART HOME SMART HOME od producenta, kt\u00f3remu mo\u017cna zaufa\u0107! Steruj swoim domem i otoczeniem prosto z telefonu. Jedna aplikacja. Jedna logika. Pe\u0142na kontrola nad bram\u0105, roletami i przestrzeni\u0105 wok\u00f3\u0142 domu. Nowoczesna automatyka od DTM System, zaprojektowana jako sp\u00f3jny ekosystem urz\u0105dze\u0144, kt\u00f3ry ro\u015bnie razem z Twoimi potrzebami. Zobacz nasze urz\u0105dzenia<\/p>\n","protected":false},"author":1,"featured_media":0,"parent":0,"menu_order":0,"comment_status":"closed","ping_status":"closed","template":"","meta":{"footnotes":""},"class_list":["post-8","page","type-page","status-publish","hentry"],"_links":{"self":[{"href":"https:\/\/neoxena.pl\/index.php?rest_route=\/wp\/v2\/pages\/8","targetHints":{"allow":["GET"]}}],"collection":[{"href":"https:\/\/neoxena.pl\/index.php?rest_route=\/wp\/v2\/pages"}],"about":[{"href":"https:\/\/neoxena.pl\/index.php?rest_route=\/wp\/v2\/types\/page"}],"author":[{"embeddable":true,"href":"https:\/\/neoxena.pl\/index.php?rest_route=\/wp\/v2\/users\/1"}],"replies":[{"embeddable":true,"href":"https:\/\/neoxena.pl\/index.php?rest_route=%2Fwp%2Fv2%2Fcomments&post=8"}],"version-history":[{"count":53,"href":"https:\/\/neoxena.pl\/index.php?rest_route=\/wp\/v2\/pages\/8\/revisions"}],"predecessor-version":[{"id":738,"href":"https:\/\/neoxena.pl\/index.php?rest_route=\/wp\/v2\/pages\/8\/revisions\/738"}],"wp:attachment":[{"href":"https:\/\/neoxena.pl\/index.php?rest_route=%2Fwp%2Fv2%2Fmedia&parent=8"}],"curies":[{"name":"wp","href":"https:\/\/api.w.org\/{rel}","templated":true}]}}